{"id":134,"date":"2017-08-04T03:44:50","date_gmt":"2017-08-04T03:44:50","guid":{"rendered":"http:\/\/www.kendovictoria.asn.au\/wordpress-trial\/?page_id=134"},"modified":"2025-10-03T23:06:32","modified_gmt":"2025-10-03T13:06:32","slug":"jodo","status":"publish","type":"page","link":"https:\/\/www.kendovictoria.asn.au\/main\/jodo\/","title":{"rendered":"Jodo"},"content":{"rendered":"<h1>What is J\u014dd\u014d &#8211; \u6756\u9053?<\/h1>\n<p>Jodo (J\u014dd\u014d &#8211; \u6756\u9053), meaning &#8220;the way of the j\u014d&#8221;, or J\u014djutsu (\u6756\u8853) is a Japanese martial art using a short staff called j\u014d. The art is similar to b\u014djutsu, and is strongly focused upon defense against the Japanese sword.<\/p>\n<p>The j\u014d is a short staff (round stick),\u00a0made of oak.\u00a0 It is 128cms in length and 2.4cms in diameter.<\/p>\n<p>Jodo is a traditional martial art of Japan; it is aimed at self-defense against an attack; it enables you to suppress your enemy\u2019s offence: and its spirit is to give him a lesson without inflicting a wound.<\/p>\n<p>Jodo techniques include thrusting, parrying, and striking; Jodo is noted for its equal handling of the jo on either side of the body.<\/p>\n<p>Jodo kata (forms) are called SHINKEN KATA (real sword forms). The <strong><em>All Japan Kendo Federation<\/em><\/strong> has selected twelve forms out of sixty-four originals and designated them as A.J.K.F. Jodo kata. In the practice of Jodo, it is essential that you follow instruction precisely, always in an alert and concentrated mind as if you were engaged in a real life-or-death combat. By doing so, you should be able to master those kata in terms of not only appearance but also spirit, and eventually you should reach the level of skill that you can participate in a match.<\/p>\n<p>\u00a0<\/p>\n<p>Click here to see a list of <a href=\"https:\/\/www.kendovictoria.asn.au\/main\/jodo-clubs\/\">jodo <\/a>clubs within Victoria and information on their training times.<\/p>\n\n","protected":false},"excerpt":{"rendered":"<p>What is J\u014dd\u014d &#8211; \u6756\u9053? Jodo (J\u014dd\u014d &#8211; \u6756\u9053), meaning &#8220;the way of the j\u014d&#8221;, or J\u014djutsu (\u6756\u8853) is a Japanese martial art using a short staff called j\u014d. The art is similar to b\u014djutsu, and is strongly focused upon defense against the Japanese sword. The j\u014d is a short staff (round stick),\u00a0made of oak.\u00a0&hellip;<\/p>\n<p class=\"more-link\"><a href=\"https:\/\/www.kendovictoria.asn.au\/main\/jodo\/\" class=\"themebutton2\">Read More<\/a><\/p>\n","protected":false},"author":1,"featured_media":0,"parent":0,"menu_order":0,"comment_status":"closed","ping_status":"closed","template":"","meta":{"footnotes":""},"class_list":["post-134","page","type-page","status-publish","hentry"],"_links":{"self":[{"href":"https:\/\/www.kendovictoria.asn.au\/main\/wp-json\/wp\/v2\/pages\/134","targetHints":{"allow":["GET"]}}],"collection":[{"href":"https:\/\/www.kendovictoria.asn.au\/main\/wp-json\/wp\/v2\/pages"}],"about":[{"href":"https:\/\/www.kendovictoria.asn.au\/main\/wp-json\/wp\/v2\/types\/page"}],"author":[{"embeddable":true,"href":"https:\/\/www.kendovictoria.asn.au\/main\/wp-json\/wp\/v2\/users\/1"}],"replies":[{"embeddable":true,"href":"https:\/\/www.kendovictoria.asn.au\/main\/wp-json\/wp\/v2\/comments?post=134"}],"version-history":[{"count":9,"href":"https:\/\/www.kendovictoria.asn.au\/main\/wp-json\/wp\/v2\/pages\/134\/revisions"}],"predecessor-version":[{"id":702,"href":"https:\/\/www.kendovictoria.asn.au\/main\/wp-json\/wp\/v2\/pages\/134\/revisions\/702"}],"wp:attachment":[{"href":"https:\/\/www.kendovictoria.asn.au\/main\/wp-json\/wp\/v2\/media?parent=134"}],"curies":[{"name":"wp","href":"https:\/\/api.w.org\/{rel}","templated":true}]}}